{"id":1114,"date":"2024-11-03T12:50:19","date_gmt":"2024-11-03T12:50:19","guid":{"rendered":"https:\/\/universopecuaria.com.br\/?page_id=1114"},"modified":"2025-10-29T19:22:40","modified_gmt":"2025-10-29T19:22:40","slug":"home-2-2-2","status":"publish","type":"page","link":"https:\/\/universopecuaria.com.br\/?page_id=1114","title":{"rendered":"Parceiros"},"content":{"rendered":"\t\t<div data-elementor-type=\"wp-page\" data-elementor-id=\"1114\" class=\"elementor elementor-1114\">\n\t\t\t\t<div class=\"elementor-element elementor-element-6d90b84 e-con-full e-flex e-con e-parent\" data-id=\"6d90b84\" data-element_type=\"container\" data-settings=\"{&quot;background_background&quot;:&quot;slideshow&quot;,&quot;background_slideshow_gallery&quot;:[{&quot;id&quot;:485,&quot;url&quot;:&quot;https:\\\/\\\/universopecuaria.com.br\\\/wp-content\\\/uploads\\\/2024\\\/03\\\/DJI_0605.00_00_07_11.Quadro001-1-scaled.jpg&quot;}],&quot;shape_divider_bottom&quot;:&quot;wave-brush&quot;,&quot;background_slideshow_loop&quot;:&quot;yes&quot;,&quot;background_slideshow_slide_duration&quot;:5000,&quot;background_slideshow_slide_transition&quot;:&quot;fade&quot;,&quot;background_slideshow_transition_duration&quot;:500}\">\n\t\t\t\t<div class=\"elementor-shape elementor-shape-bottom\" aria-hidden=\"true\" data-negative=\"false\">\n\t\t\t<svg xmlns=\"http:\/\/www.w3.org\/2000\/svg\" viewBox=\"0 0 283.5 27.8\" preserveAspectRatio=\"none\">\n\t<path class=\"elementor-shape-fill\" d=\"M283.5,9.7c0,0-7.3,4.3-14,4.6c-6.8,0.3-12.6,0-20.9-1.5c-11.3-2-33.1-10.1-44.7-5.7\ts-12.1,4.6-18,7.4c-6.6,3.2-20,9.6-36.6,9.3C131.6,23.5,99.5,7.2,86.3,8c-1.4,0.1-6.6,0.8-10.5,2c-3.8,1.2-9.4,3.8-17,4.7\tc-3.2,0.4-8.3,1.1-14.2,0.9c-1.5-0.1-6.3-0.4-12-1.6c-5.7-1.2-11-3.1-15.8-3.7C6.5,9.2,0,10.8,0,10.8V0h283.5V9.7z M260.8,11.3\tc-0.7-1-2-0.4-4.3-0.4c-2.3,0-6.1-1.2-5.8-1.1c0.3,0.1,3.1,1.5,6,1.9C259.7,12.2,261.4,12.3,260.8,11.3z M242.4,8.6\tc0,0-2.4-0.2-5.6-0.9c-3.2-0.8-10.3-2.8-15.1-3.5c-8.2-1.1-15.8,0-15.1,0.1c0.8,0.1,9.6-0.6,17.6,1.1c3.3,0.7,9.3,2.2,12.4,2.7\tC239.9,8.7,242.4,8.6,242.4,8.6z M185.2,8.5c1.7-0.7-13.3,4.7-18.5,6.1c-2.1,0.6-6.2,1.6-10,2c-3.9,0.4-8.9,0.4-8.8,0.5\tc0,0.2,5.8,0.8,11.2,0c5.4-0.8,5.2-1.1,7.6-1.6C170.5,14.7,183.5,9.2,185.2,8.5z M199.1,6.9c0.2,0-0.8-0.4-4.8,1.1\tc-4,1.5-6.7,3.5-6.9,3.7c-0.2,0.1,3.5-1.8,6.6-3C197,7.5,199,6.9,199.1,6.9z M283,6c-0.1,0.1-1.9,1.1-4.8,2.5s-6.9,2.8-6.7,2.7\tc0.2,0,3.5-0.6,7.4-2.5C282.8,6.8,283.1,5.9,283,6z M31.3,11.6c0.1-0.2-1.9-0.2-4.5-1.2s-5.4-1.6-7.8-2C15,7.6,7.3,8.5,7.7,8.6\tC8,8.7,15.9,8.3,20.2,9.3c2.2,0.5,2.4,0.5,5.7,1.6S31.2,11.9,31.3,11.6z M73,9.2c0.4-0.1,3.5-1.6,8.4-2.6c4.9-1.1,8.9-0.5,8.9-0.8\tc0-0.3-1-0.9-6.2-0.3S72.6,9.3,73,9.2z M71.6,6.7C71.8,6.8,75,5.4,77.3,5c2.3-0.3,1.9-0.5,1.9-0.6c0-0.1-1.1-0.2-2.7,0.2\tC74.8,5.1,71.4,6.6,71.6,6.7z M93.6,4.4c0.1,0.2,3.5,0.8,5.6,1.8c2.1,1,1.8,0.6,1.9,0.5c0.1-0.1-0.8-0.8-2.4-1.3\tC97.1,4.8,93.5,4.2,93.6,4.4z M65.4,11.1c-0.1,0.3,0.3,0.5,1.9-0.2s2.6-1.3,2.2-1.2s-0.9,0.4-2.5,0.8C65.3,10.9,65.5,10.8,65.4,11.1\tz M34.5,12.4c-0.2,0,2.1,0.8,3.3,0.9c1.2,0.1,2,0.1,2-0.2c0-0.3-0.1-0.5-1.6-0.4C36.6,12.8,34.7,12.4,34.5,12.4z M152.2,21.1\tc-0.1,0.1-2.4-0.3-7.5-0.3c-5,0-13.6-2.4-17.2-3.5c-3.6-1.1,10,3.9,16.5,4.1C150.5,21.6,152.3,21,152.2,21.1z\"\/>\n\t<path class=\"elementor-shape-fill\" d=\"M269.6,18c-0.1-0.1-4.6,0.3-7.2,0c-7.3-0.7-17-3.2-16.6-2.9c0.4,0.3,13.7,3.1,17,3.3\tC267.7,18.8,269.7,18,269.6,18z\"\/>\n\t<path class=\"elementor-shape-fill\" d=\"M227.4,9.8c-0.2-0.1-4.5-1-9.5-1.2c-5-0.2-12.7,0.6-12.3,0.5c0.3-0.1,5.9-1.8,13.3-1.2\tS227.6,9.9,227.4,9.8z\"\/>\n\t<path class=\"elementor-shape-fill\" d=\"M204.5,13.4c-0.1-0.1,2-1,3.2-1.1c1.2-0.1,2,0,2,0.3c0,0.3-0.1,0.5-1.6,0.4\tC206.4,12.9,204.6,13.5,204.5,13.4z\"\/>\n\t<path class=\"elementor-shape-fill\" d=\"M201,10.6c0-0.1-4.4,1.2-6.3,2.2c-1.9,0.9-6.2,3.1-6.1,3.1c0.1,0.1,4.2-1.6,6.3-2.6\tS201,10.7,201,10.6z\"\/>\n\t<path class=\"elementor-shape-fill\" d=\"M154.5,26.7c-0.1-0.1-4.6,0.3-7.2,0c-7.3-0.7-17-3.2-16.6-2.9c0.4,0.3,13.7,3.1,17,3.3\tC152.6,27.5,154.6,26.8,154.5,26.7z\"\/>\n\t<path class=\"elementor-shape-fill\" d=\"M41.9,19.3c0,0,1.2-0.3,2.9-0.1c1.7,0.2,5.8,0.9,8.2,0.7c4.2-0.4,7.4-2.7,7-2.6\tc-0.4,0-4.3,2.2-8.6,1.9c-1.8-0.1-5.1-0.5-6.7-0.4S41.9,19.3,41.9,19.3z\"\/>\n\t<path class=\"elementor-shape-fill\" d=\"M75.5,12.6c0.2,0.1,2-0.8,4.3-1.1c2.3-0.2,2.1-0.3,2.1-0.5c0-0.1-1.8-0.4-3.4,0\tC76.9,11.5,75.3,12.5,75.5,12.6z\"\/>\n\t<path class=\"elementor-shape-fill\" d=\"M15.6,13.2c0-0.1,4.3,0,6.7,0.5c2.4,0.5,5,1.9,5,2c0,0.1-2.7-0.8-5.1-1.4\tC19.9,13.7,15.7,13.3,15.6,13.2z\"\/>\n<\/svg>\t\t<\/div>\n\t\t\t\t<div class=\"elementor-element elementor-element-86bd818 animated-slow elementor-invisible elementor-widget elementor-widget-heading\" data-id=\"86bd818\" data-element_type=\"widget\" data-settings=\"{&quot;_animation&quot;:&quot;fadeInLeft&quot;}\" data-widget_type=\"heading.default\">\n\t\t\t\t<div class=\"elementor-widget-container\">\n\t\t\t\t\t<h2 class=\"elementor-heading-title elementor-size-default\">Prepare-se para a nova realidade <br>\nda pecu\u00e1ria brasileira<\/h2>\t\t\t\t<\/div>\n\t\t\t\t<\/div>\n\t\t\t\t<\/div>\n\t\t<div class=\"elementor-element elementor-element-b056f4e e-flex e-con-boxed e-con e-parent\" data-id=\"b056f4e\" data-element_type=\"container\" data-settings=\"{&quot;background_background&quot;:&quot;classic&quot;}\">\n\t\t\t\t\t<div class=\"e-con-inner\">\n\t\t<div class=\"elementor-element elementor-element-b9f368a e-con-full e-flex e-con e-child\" data-id=\"b9f368a\" data-element_type=\"container\">\n\t\t\t\t<div class=\"elementor-element elementor-element-7b49493 elementor-widget elementor-widget-heading\" data-id=\"7b49493\" data-element_type=\"widget\" data-widget_type=\"heading.default\">\n\t\t\t\t<div class=\"elementor-widget-container\">\n\t\t\t\t\t<h2 class=\"elementor-heading-title elementor-size-default\">Parceiros<\/h2>\t\t\t\t<\/div>\n\t\t\t\t<\/div>\n\t\t\t\t<div class=\"elementor-element elementor-element-a9eeed1 elementor-widget-divider--view-line elementor-widget elementor-widget-divider\" data-id=\"a9eeed1\" data-element_type=\"widget\" data-widget_type=\"divider.default\">\n\t\t\t\t<div class=\"elementor-widget-container\">\n\t\t\t\t\t\t\t<div class=\"elementor-divider\">\n\t\t\t<span class=\"elementor-divider-separator\">\n\t\t\t\t\t\t<\/span>\n\t\t<\/div>\n\t\t\t\t\t\t<\/div>\n\t\t\t\t<\/div>\n\t\t\t\t<div class=\"elementor-element elementor-element-5e3d53b elementor-widget elementor-widget-image\" data-id=\"5e3d53b\" data-element_type=\"widget\" data-widget_type=\"image.default\">\n\t\t\t\t<div class=\"elementor-widget-container\">\n\t\t\t\t\t\t\t\t\t\t\t\t\t\t\t<img fetchpriority=\"high\" decoding=\"async\" width=\"2560\" height=\"2006\" src=\"https:\/\/universopecuaria.com.br\/wp-content\/uploads\/2025\/10\/BARRA-LOGOS-scaled.png\" class=\"attachment-full size-full wp-image-1553\" alt=\"\" srcset=\"https:\/\/universopecuaria.com.br\/wp-content\/uploads\/2025\/10\/BARRA-LOGOS-scaled.png 2560w, https:\/\/universopecuaria.com.br\/wp-content\/uploads\/2025\/10\/BARRA-LOGOS-300x235.png 300w, https:\/\/universopecuaria.com.br\/wp-content\/uploads\/2025\/10\/BARRA-LOGOS-1024x802.png 1024w, https:\/\/universopecuaria.com.br\/wp-content\/uploads\/2025\/10\/BARRA-LOGOS-768x602.png 768w, https:\/\/universopecuaria.com.br\/wp-content\/uploads\/2025\/10\/BARRA-LOGOS-50x39.png 50w, https:\/\/universopecuaria.com.br\/wp-content\/uploads\/2025\/10\/BARRA-LOGOS-1600x1254.png 1600w, https:\/\/universopecuaria.com.br\/wp-content\/uploads\/2025\/10\/BARRA-LOGOS-1536x1204.png 1536w, https:\/\/universopecuaria.com.br\/wp-content\/uploads\/2025\/10\/BARRA-LOGOS-2048x1605.png 2048w\" sizes=\"(max-width: 2560px) 100vw, 2560px\" \/>\t\t\t\t\t\t\t\t\t\t\t\t\t\t\t<\/div>\n\t\t\t\t<\/div>\n\t\t\t\t<\/div>\n\t\t\t\t\t<\/div>\n\t\t\t\t<\/div>\n\t\t<div class=\"elementor-element elementor-element-3af367c0 e-flex e-con-boxed e-con e-parent\" data-id=\"3af367c0\" data-element_type=\"container\" data-settings=\"{&quot;background_background&quot;:&quot;classic&quot;}\">\n\t\t\t\t\t<div class=\"e-con-inner\">\n\t\t<div class=\"elementor-element elementor-element-11e2bff8 e-con-full e-flex e-con e-child\" data-id=\"11e2bff8\" data-element_type=\"container\">\n\t\t\t\t<div class=\"elementor-element elementor-element-75d050f5 elementor-widget elementor-widget-text-editor\" data-id=\"75d050f5\" data-element_type=\"widget\" data-widget_type=\"text-editor.default\">\n\t\t\t\t<div class=\"elementor-widget-container\">\n\t\t\t\t\t\t\t\t\t<p><span style=\"color: #ffffff; font-family: var( --e-global-typography-text-font-family ), Sans-serif; text-align: var(--text-align);\">SIA (Servi\u00e7o de Intelig\u00eancia Agroneg\u00f3cios)<\/span><\/p>\n<p><span style=\"color: #ffffff;\"><a style=\"color: #ffffff;\" href=\"https:\/\/www.instagram.com\/sia_agronegocio\/\">sia_agronegocio<\/a><\/span><br><span style=\"color: #ffffff;\"><a style=\"color: #ffffff;\" href=\"https:\/\/www.instagram.com\/sia_agronegocio\/\">siabrasil<\/a><\/span><br><span style=\"color: #ffffff;\">contato@siabrasil.com.br<\/span><br><span style=\"color: #ffffff;\"><a style=\"color: #ffffff;\" href=\"https:\/\/www.siabrasil.com.br\/\">www.siabrasil.com.br<\/a><\/span><br><span style=\"color: #ffffff;\">(51) 3307-4987<\/span><\/p>\n<p><span style=\"color: #ffffff;\">Sindicato Rural de Lavras do Sul<\/span><br><span style=\"color: #ffffff;\"><a style=\"color: #ffffff;\" href=\"https:\/\/www.instagram.com\/srurallavrasdosul\/\">srurallavrasdosul<\/a><\/span><br><span style=\"color: #ffffff;\"><a style=\"color: #ffffff;\" href=\"https:\/\/www.instagram.com\/srurallavrasdosul\/\">SindicatoRuralDeLavrasDoSulrs<\/a><\/span><br><span style=\"color: #ffffff;\">srural@farrapo.com.br<\/span><br><span style=\"color: #ffffff;\">(55) 3282-1256<\/span><\/p>\n<p><span style=\"color: #ffffff;\">Correalizadores:<\/span><\/p>\n<p><span style=\"color: #ffffff;\">Sistema Senar\/CNA<\/span><br><span style=\"color: #ffffff;\">sistemacna<\/span><br><span style=\"color: #ffffff;\">SENARBrasil<\/span><br><span style=\"color: #ffffff;\">cnabrasil.org.br\/senar<\/span><br><span style=\"color: #ffffff;\">cna@cna.org.br\/senar@senar.org.br<\/span><br><span style=\"color: #ffffff;\">(61) 2109-1400<\/span><\/p>\t\t\t\t\t\t\t\t<\/div>\n\t\t\t\t<\/div>\n\t\t\t\t<\/div>\n\t\t<div class=\"elementor-element elementor-element-30a63999 e-con-full e-flex e-con e-child\" data-id=\"30a63999\" data-element_type=\"container\">\n\t\t\t\t<div class=\"elementor-element elementor-element-7d8c1e5f elementor-widget elementor-widget-text-editor\" data-id=\"7d8c1e5f\" data-element_type=\"widget\" data-widget_type=\"text-editor.default\">\n\t\t\t\t<div class=\"elementor-widget-container\">\n\t\t\t\t\t\t\t\t\t<p><span style=\"color: #ffffff;\">Cotrisul<\/span><br \/><span style=\"color: #ffffff;\"><a style=\"color: #ffffff;\" href=\"https:\/\/www.instagram.com\/cotrisulrs\/\">cotrisulrs<\/a><\/span><br \/><span style=\"color: #ffffff;\"><a style=\"color: #ffffff;\" href=\"https:\/\/cotrisul.com.br\/\">www.cotrisul.com.br<\/a><\/span><br \/><span style=\"color: #ffffff;\">dpo@cotrisul.com.br<\/span><br \/><span style=\"color: #ffffff;\">(55) 99617-6985<\/span><\/p><p><span style=\"color: #ffffff;\">Farsul<\/span><br \/><span style=\"color: #ffffff;\"><a style=\"color: #ffffff;\" href=\"https:\/\/www.instagram.com\/farsul_rs\/\">farsul_rs<\/a><\/span><br \/><span style=\"color: #ffffff;\"><a style=\"color: #ffffff;\" href=\"https:\/\/www.farsul.org.br\">www.farsul.org.br<\/a><\/span><br \/><span style=\"color: #ffffff;\">farsul@farsul.org.br<\/span><br \/><span style=\"color: #ffffff;\">(51) 3214-4400<\/span><br \/><span style=\"color: #ffffff;\"><br \/>Sebrae\/RS<\/span><br \/><span style=\"color: #ffffff;\"><a style=\"color: #ffffff;\" href=\"https:\/\/www.instagram.com\/sebraers\/\">sebraers<\/a><\/span><br \/><span style=\"color: #ffffff;\"><a style=\"color: #ffffff;\" href=\"https:\/\/sebraers.com.br\/\">www.sebraers.com.br<\/a><\/span><br \/><span style=\"color: #ffffff;\">info@sebraers.com.br<\/span><br \/><span style=\"color: #ffffff;\">(51) 3216-5000<\/span><\/p><p><span style=\"color: #ffffff;\">Prefeitura Municipal de Lavras do Sul\/RS<\/span><br \/><span style=\"color: #ffffff;\"><a style=\"color: #ffffff;\" href=\"https:\/\/www.instagram.com\/prefeituradelavrasdosul\/\">prefeituradelavrasdosul<\/a><\/span><br \/><span style=\"color: #ffffff;\"><a style=\"color: #ffffff;\" href=\"https:\/\/www.instagram.com\/prefeituradelavras\/\">prefeituralavrasdosul<\/a><\/span><br \/><span style=\"color: #ffffff;\"><a style=\"color: #ffffff;\" href=\"https:\/\/www.lavrasdosul.rs.gov.br\/\">www.lavrasdosul.rs.gov.br<\/a><\/span><br \/><span style=\"color: #ffffff;\">imprensaprefeituralavrasdosul@gmail.com<\/span><br \/><span style=\"color: #ffffff;\">(55) 3282-1244<\/span><\/p>\t\t\t\t\t\t\t\t<\/div>\n\t\t\t\t<\/div>\n\t\t\t\t<\/div>\n\t\t<div class=\"elementor-element elementor-element-2a61f679 e-con-full e-flex e-con e-child\" data-id=\"2a61f679\" data-element_type=\"container\">\n\t\t\t\t<div class=\"elementor-element elementor-element-54fdabe1 elementor-widget elementor-widget-text-editor\" data-id=\"54fdabe1\" data-element_type=\"widget\" data-widget_type=\"text-editor.default\">\n\t\t\t\t<div class=\"elementor-widget-container\">\n\t\t\t\t\t\t\t\t\t<p><span style=\"font-family: var( --e-global-typography-text-font-family ), Sans-serif; text-align: var(--text-align); color: #ffffff;\"><strong>Redes Sociais<\/strong><\/span><\/p>\t\t\t\t\t\t\t\t<\/div>\n\t\t\t\t<\/div>\n\t\t\t\t<div class=\"elementor-element elementor-element-2c9c0efc e-grid-align-left elementor-shape-rounded elementor-grid-0 elementor-widget elementor-widget-social-icons\" data-id=\"2c9c0efc\" data-element_type=\"widget\" data-widget_type=\"social-icons.default\">\n\t\t\t\t<div class=\"elementor-widget-container\">\n\t\t\t\t\t\t\t<div class=\"elementor-social-icons-wrapper elementor-grid\" role=\"list\">\n\t\t\t\t\t\t\t<span class=\"elementor-grid-item\" role=\"listitem\">\n\t\t\t\t\t<a class=\"elementor-icon elementor-social-icon elementor-social-icon-facebook elementor-repeater-item-950c6c5\" target=\"_blank\">\n\t\t\t\t\t\t<span class=\"elementor-screen-only\">Facebook<\/span>\n\t\t\t\t\t\t<svg aria-hidden=\"true\" class=\"e-font-icon-svg e-fab-facebook\" viewBox=\"0 0 512 512\" xmlns=\"http:\/\/www.w3.org\/2000\/svg\"><path d=\"M504 256C504 119 393 8 256 8S8 119 8 256c0 123.78 90.69 226.38 209.25 245V327.69h-63V256h63v-54.64c0-62.15 37-96.48 93.67-96.48 27.14 0 55.52 4.84 55.52 4.84v61h-31.28c-30.8 0-40.41 19.12-40.41 38.73V256h68.78l-11 71.69h-57.78V501C413.31 482.38 504 379.78 504 256z\"><\/path><\/svg>\t\t\t\t\t<\/a>\n\t\t\t\t<\/span>\n\t\t\t\t\t\t\t<span class=\"elementor-grid-item\" role=\"listitem\">\n\t\t\t\t\t<a class=\"elementor-icon elementor-social-icon elementor-social-icon-instagram elementor-repeater-item-7f69046\" target=\"_blank\">\n\t\t\t\t\t\t<span class=\"elementor-screen-only\">Instagram<\/span>\n\t\t\t\t\t\t<svg aria-hidden=\"true\" class=\"e-font-icon-svg e-fab-instagram\" viewBox=\"0 0 448 512\" xmlns=\"http:\/\/www.w3.org\/2000\/svg\"><path d=\"M224.1 141c-63.6 0-114.9 51.3-114.9 114.9s51.3 114.9 114.9 114.9S339 319.5 339 255.9 287.7 141 224.1 141zm0 189.6c-41.1 0-74.7-33.5-74.7-74.7s33.5-74.7 74.7-74.7 74.7 33.5 74.7 74.7-33.6 74.7-74.7 74.7zm146.4-194.3c0 14.9-12 26.8-26.8 26.8-14.9 0-26.8-12-26.8-26.8s12-26.8 26.8-26.8 26.8 12 26.8 26.8zm76.1 27.2c-1.7-35.9-9.9-67.7-36.2-93.9-26.2-26.2-58-34.4-93.9-36.2-37-2.1-147.9-2.1-184.9 0-35.8 1.7-67.6 9.9-93.9 36.1s-34.4 58-36.2 93.9c-2.1 37-2.1 147.9 0 184.9 1.7 35.9 9.9 67.7 36.2 93.9s58 34.4 93.9 36.2c37 2.1 147.9 2.1 184.9 0 35.9-1.7 67.7-9.9 93.9-36.2 26.2-26.2 34.4-58 36.2-93.9 2.1-37 2.1-147.8 0-184.8zM398.8 388c-7.8 19.6-22.9 34.7-42.6 42.6-29.5 11.7-99.5 9-132.1 9s-102.7 2.6-132.1-9c-19.6-7.8-34.7-22.9-42.6-42.6-11.7-29.5-9-99.5-9-132.1s-2.6-102.7 9-132.1c7.8-19.6 22.9-34.7 42.6-42.6 29.5-11.7 99.5-9 132.1-9s102.7-2.6 132.1 9c19.6 7.8 34.7 22.9 42.6 42.6 11.7 29.5 9 99.5 9 132.1s2.7 102.7-9 132.1z\"><\/path><\/svg>\t\t\t\t\t<\/a>\n\t\t\t\t<\/span>\n\t\t\t\t\t\t\t<span class=\"elementor-grid-item\" role=\"listitem\">\n\t\t\t\t\t<a class=\"elementor-icon elementor-social-icon elementor-social-icon-linkedin elementor-repeater-item-2889d3f\" target=\"_blank\">\n\t\t\t\t\t\t<span class=\"elementor-screen-only\">Linkedin<\/span>\n\t\t\t\t\t\t<svg aria-hidden=\"true\" class=\"e-font-icon-svg e-fab-linkedin\" viewBox=\"0 0 448 512\" xmlns=\"http:\/\/www.w3.org\/2000\/svg\"><path d=\"M416 32H31.9C14.3 32 0 46.5 0 64.3v383.4C0 465.5 14.3 480 31.9 480H416c17.6 0 32-14.5 32-32.3V64.3c0-17.8-14.4-32.3-32-32.3zM135.4 416H69V202.2h66.5V416zm-33.2-243c-21.3 0-38.5-17.3-38.5-38.5S80.9 96 102.2 96c21.2 0 38.5 17.3 38.5 38.5 0 21.3-17.2 38.5-38.5 38.5zm282.1 243h-66.4V312c0-24.8-.5-56.7-34.5-56.7-34.6 0-39.9 27-39.9 54.9V416h-66.4V202.2h63.7v29.2h.9c8.9-16.8 30.6-34.5 62.9-34.5 67.2 0 79.7 44.3 79.7 101.9V416z\"><\/path><\/svg>\t\t\t\t\t<\/a>\n\t\t\t\t<\/span>\n\t\t\t\t\t<\/div>\n\t\t\t\t\t\t<\/div>\n\t\t\t\t<\/div>\n\t\t\t\t<div class=\"elementor-element elementor-element-2822c4c1 elementor-widget elementor-widget-image\" data-id=\"2822c4c1\" data-element_type=\"widget\" data-widget_type=\"image.default\">\n\t\t\t\t<div class=\"elementor-widget-container\">\n\t\t\t\t\t\t\t\t\t\t\t\t\t\t\t<img decoding=\"async\" width=\"300\" height=\"140\" src=\"https:\/\/universopecuaria.com.br\/wp-content\/uploads\/2024\/03\/logo.png\" class=\"attachment-full size-full wp-image-645\" alt=\"\" srcset=\"https:\/\/universopecuaria.com.br\/wp-content\/uploads\/2024\/03\/logo.png 300w, https:\/\/universopecuaria.com.br\/wp-content\/uploads\/2024\/03\/logo-50x23.png 50w\" sizes=\"(max-width: 300px) 100vw, 300px\" \/>\t\t\t\t\t\t\t\t\t\t\t\t\t\t\t<\/div>\n\t\t\t\t<\/div>\n\t\t\t\t<\/div>\n\t\t\t\t\t<\/div>\n\t\t\t\t<\/div>\n\t\t\t\t<\/div>\n\t\t","protected":false},"excerpt":{"rendered":"<p>Prepare-se para a nova realidade da pecu\u00e1ria brasileira Parceiros SIA (Servi\u00e7o de Intelig\u00eancia Agroneg\u00f3cios) sia_agronegociosiabrasilcontato@siabrasil.com.brwww.siabrasil.com.br(51) 3307-4987 Sindicato Rural de Lavras do SulsrurallavrasdosulSindicatoRuralDeLavrasDoSulrssrural@farrapo.com.br(55) 3282-1256 Correalizadores: Sistema Senar\/CNAsistemacnaSENARBrasilcnabrasil.org.br\/senarcna@cna.org.br\/senar@senar.org.br(61) 2109-1400 Cotrisulcotrisulrswww.cotrisul.com.brdpo@cotrisul.com.br(55) 99617-6985 Farsulfarsul_rswww.farsul.org.brfarsul@farsul.org.br(51) 3214-4400 Sebrae\/RSsebraerswww.sebraers.com.brinfo@sebraers.com.br(51) 3216-5000 Prefeitura Municipal de Lavras do Sul\/RSprefeituradelavrasdosulprefeituralavrasdosulwww.lavrasdosul.rs.gov.brimprensaprefeituralavrasdosul@gmail.com(55) 3282-1244 Redes Sociais Facebook Instagram Linkedin<\/p>\n","protected":false},"author":2,"featured_media":0,"parent":0,"menu_order":0,"comment_status":"closed","ping_status":"closed","template":"elementor_header_footer","meta":{"footnotes":""},"class_list":["post-1114","page","type-page","status-publish","hentry"],"_links":{"self":[{"href":"https:\/\/universopecuaria.com.br\/index.php?rest_route=\/wp\/v2\/pages\/1114","targetHints":{"allow":["GET"]}}],"collection":[{"href":"https:\/\/universopecuaria.com.br\/index.php?rest_route=\/wp\/v2\/pages"}],"about":[{"href":"https:\/\/universopecuaria.com.br\/index.php?rest_route=\/wp\/v2\/types\/page"}],"author":[{"embeddable":true,"href":"https:\/\/universopecuaria.com.br\/index.php?rest_route=\/wp\/v2\/users\/2"}],"replies":[{"embeddable":true,"href":"https:\/\/universopecuaria.com.br\/index.php?rest_route=%2Fwp%2Fv2%2Fcomments&post=1114"}],"version-history":[{"count":36,"href":"https:\/\/universopecuaria.com.br\/index.php?rest_route=\/wp\/v2\/pages\/1114\/revisions"}],"predecessor-version":[{"id":1566,"href":"https:\/\/universopecuaria.com.br\/index.php?rest_route=\/wp\/v2\/pages\/1114\/revisions\/1566"}],"wp:attachment":[{"href":"https:\/\/universopecuaria.com.br\/index.php?rest_route=%2Fwp%2Fv2%2Fmedia&parent=1114"}],"curies":[{"name":"wp","href":"https:\/\/api.w.org\/{rel}","templated":true}]}}